{"id":4523,"date":"2015-07-20T12:17:22","date_gmt":"2015-07-20T10:17:22","guid":{"rendered":"http:\/\/www.iprint24.net.pl\/?post_type=product&#038;p=4523"},"modified":"2015-07-24T14:19:04","modified_gmt":"2015-07-24T12:19:04","slug":"alliance-hns-762x60-600-cdh","status":"publish","type":"product","link":"http:\/\/ref-graf.pl\/index.php\/produkt\/alliance-hns-762x60-600-cdh\/","title":{"rendered":":Alliance HNS 76,2&#215;60 600 CDH"},"content":{"rendered":"","protected":false},"excerpt":{"rendered":"<p>:Alliance HNS jest szybkopracuj\u0105cym filmem czu\u0142ym na promieniowanie czerwone i przeznaczony jest dla na\u015bwietlarek z laserem helowo-neonowym (630 nm) lub czerwon\u0105 diod\u0105 laserow\u0105 (670 nm).<\/p>\n<p>&nbsp;<\/p>\n<div>W\u0142a\u015bciwo\u015bci filmu:<\/div>\n<p>&#8211; doskona\u0142a jako\u015b\u0107 obrazu, wysoka ostro\u015b\u0107 punkt\u00f3w i g\u0119sto\u015b\u0107 optyczna<br \/>\n&#8211; wysoka tolerancja na na\u015bwietlanie i parametry obr\u00f3bki<br \/>\n&#8211; wysoka stabilno\u015b\u0107 parametr\u00f3w jako\u015bciowych<br \/>\n&#8211; wysoka powtarzalno\u015b\u0107 pomi\u0119dzy partiami produkcyjnymi<br \/>\n&#8211; liniowo\u015b\u0107 dla rastr\u00f3w konwencjonalnych<br \/>\n&#8211; mo\u017cna u\u017cywa\u0107 z rastrami stochastycznymi<br \/>\n&#8211; niskie zu\u017cycie chemii<br \/>\n&#8211; &#8220;system otwarty&#8221; &#8211; dobra wsp\u00f3\u0142praca z kompatybiln\u0105 chemi\u0105<\/p>\n<p>&nbsp;<\/p>\n<p>Film :Alliance HNS mo\u017ce by\u0107 rownie\u017c stosowany w na\u015bwietlarkach LED. Jest on wykorzystywany jako nast\u0119pca filmu I-LD.<\/p>\n","protected":false},"featured_media":4515,"template":"","meta":[],"_links":{"self":[{"href":"http:\/\/ref-graf.pl\/index.php\/wp-json\/wp\/v2\/product\/4523"}],"collection":[{"href":"http:\/\/ref-graf.pl\/index.php\/wp-json\/wp\/v2\/product"}],"about":[{"href":"http:\/\/ref-graf.pl\/index.php\/wp-json\/wp\/v2\/types\/product"}],"wp:featuredmedia":[{"embeddable":true,"href":"http:\/\/ref-graf.pl\/index.php\/wp-json\/wp\/v2\/media\/4515"}],"wp:attachment":[{"href":"http:\/\/ref-graf.pl\/index.php\/wp-json\/wp\/v2\/media?parent=4523"}],"curies":[{"name":"wp","href":"https:\/\/api.w.org\/{rel}","templated":true}]}}